{"id":10,"date":"2025-11-18T20:44:35","date_gmt":"2025-11-18T20:44:35","guid":{"rendered":"http:\/\/brandl-unfallinstandsetzung.de\/?page_id=10"},"modified":"2026-02-12T08:24:55","modified_gmt":"2026-02-12T08:24:55","slug":"colibri-wp","status":"publish","type":"page","link":"https:\/\/brandl-unfallinstandsetzung.de\/","title":{"rendered":"Front Page"},"content":{"rendered":"<div data-colibri-id=\"10-c1\" class=\"style-201 style-local-10-c1 position-relative\">\n  <!---->\n  <div data-colibri-component=\"section\" data-colibri-id=\"10-c2\" id=\"overlappable\" class=\"h-section h-section-global-spacing d-flex align-items-lg-center align-items-md-center align-items-center style-202 style-local-10-c2 position-relative\">\n    <!---->\n    <!---->\n    <div class=\"h-section-grid-container h-section-boxed-container\">\n      <!---->\n      <div data-colibri-id=\"10-c3\" class=\"h-row-container gutters-row-lg-0 gutters-row-md-0 gutters-row-2 gutters-row-v-lg-0 gutters-row-v-md-0 gutters-row-v-2 style-203 style-local-10-c3 position-relative\">\n        <!---->\n        <div class=\"h-row justify-content-lg-center justify-content-md-center justify-content-center align-items-lg-stretch align-items-md-stretch align-items-stretch gutters-col-lg-0 gutters-col-md-0 gutters-col-2 gutters-col-v-lg-0 gutters-col-v-md-0 gutters-col-v-2\">\n          <!---->\n          <div class=\"h-column h-column-container d-flex h-col-lg-3 h-col-md-3 h-col-12 style-204-outer style-local-10-c4-outer\">\n            <div data-colibri-id=\"10-c4\" class=\"d-flex h-flex-basis h-column__inner h-px-lg-3 h-px-md-3 h-px-2 v-inner-lg-3 v-inner-md-3 v-inner-2 style-204 style-local-10-c4 position-relative\">\n              <!---->\n              <!---->\n              <div class=\"w-100 h-y-container h-column__content h-column__v-align flex-basis-100 align-self-lg-center align-self-md-center align-self-center\">\n                <!---->\n                <div data-colibri-id=\"10-c5\" class=\"h-icon style-205 style-local-10-c5 position-relative h-element\">\n                  <!---->\n                  <a href=\"https:\/\/brandl-unfallinstandsetzung.de\/?page_id=210\" h-use-smooth-scroll=\"true\"><span class=\"h-svg-icon h-icon__icon style-205-icon style-local-10-c5-icon\"><!--Icon by Font Awesome (https:\/\/fontawesome.com)-->\n    <svg version=\"1.1\" xmlns=\"http:\/\/www.w3.org\/2000\/svg\" xmlns:xlink=\"http:\/\/www.w3.org\/1999\/xlink\" id=\"car\" viewBox=\"0 0 2048 1896.0833\">\n      <path d=\"M480 1088q0-66-47-113t-113-47-113 47-47 113 47 113 113 47 113-47 47-113zm36-320h1016l-89-357q-2-8-14-17.5t-21-9.5H640q-9 0-21 9.5T605 411zm1372 320q0-66-47-113t-113-47-113 47-47 113 47 113 113 47 113-47 47-113zm160-96v384q0 14-9 23t-23 9h-96v128q0 80-56 136t-136 56-136-56-56-136v-128H512v128q0 80-56 136t-136 56-136-56-56-136v-128H32q-14 0-23-9t-9-23V992q0-93 65.5-158.5T224 768h28l105-419q23-94 104-157.5T640 128h768q98 0 179 63.5T1691 349l105 419h28q93 0 158.5 65.5T2048 992z\"><\/path>\n    <\/svg><\/span><\/a>\n                <\/div>\n                <div data-colibri-id=\"10-c6\" class=\"h-global-transition-all h-heading style-206 style-local-10-c6 position-relative h-element\">\n                  <!---->\n                  <div class=\"h-heading__outer style-206 style-local-10-c6\">\n                    <!---->\n                    <!---->\n                    <a href=\"https:\/\/brandl-unfallinstandsetzung.de\/?page_id=210\" h-use-smooth-scroll=\"true\">\n                      <h6 class=\"\">UNFALLINSTANDSETZUNG<\/h6>\n                    <\/a>\n                  <\/div>\n                <\/div>\n                <div data-colibri-id=\"10-c7\" class=\"h-text h-text-component style-207 style-local-10-c7 position-relative h-element\">\n                  <!---->\n                  <!---->\n                  <div class=\"\">\n                    <p><span style=\"color: rgb(100, 101, 103); font-family: Helvetica, Arial, sans-serif; font-size: 14px; font-weight: 400;\">Wir investieren nicht nur in neues Equipment sondern auch stetig in Know-how\u2026<\/span><\/p>\n                    <p>\n                      <br>\n                    <\/p>\n                    <p>\n                      <br>\n                    <\/p>\n                    <p>\n                      <br>\n                    <\/p>\n                    <p>\n                      <br>\n                    <\/p>\n                  <\/div>\n                <\/div>\n              <\/div>\n            <\/div>\n          <\/div>\n          <div class=\"h-column h-column-container d-flex h-col-lg-3 h-col-md-3 h-col-12 style-204-outer style-local-10-c8-outer\">\n            <div data-colibri-id=\"10-c8\" class=\"d-flex h-flex-basis h-column__inner h-px-lg-3 h-px-md-3 h-px-2 v-inner-lg-3 v-inner-md-3 v-inner-2 style-204 style-local-10-c8 position-relative\">\n              <!---->\n              <!---->\n              <div class=\"w-100 h-y-container h-column__content h-column__v-align flex-basis-100 align-self-lg-center align-self-md-center align-self-center\">\n                <!---->\n                <div data-colibri-id=\"10-c9\" class=\"h-icon style-205 style-local-10-c9 position-relative h-element\">\n                  <!---->\n                  <a href=\"https:\/\/brandl-unfallinstandsetzung.de\/?page_id=169\" h-use-smooth-scroll=\"true\"><span class=\"h-svg-icon h-icon__icon style-205-icon style-local-10-c9-icon\"><!--Icon by Font Awesome (https:\/\/fontawesome.com)-->\n    <svg version=\"1.1\" xmlns=\"http:\/\/www.w3.org\/2000\/svg\" xmlns:xlink=\"http:\/\/www.w3.org\/1999\/xlink\" id=\"paint-brush\" viewBox=\"0 0 1792 1896.0833\">\n      <path d=\"M1615 0q70 0 122.5 46.5T1790 163q0 63-45 151-332 629-465 752-97 91-218 91-126 0-216.5-92.5T755 845q0-128 92-212l638-579q59-54 130-54zM706 1034q39 76 106.5 130t150.5 76l1 71q4 213-129.5 347T486 1792q-123 0-218-46.5T115.5 1618 29 1435 0 1215q7 5 41 30t62 44.5 59 36.5 46 17q41 0 55-37 25-66 57.5-112.5t69.5-76 88-47.5 103-25.5 125-10.5z\"><\/path>\n    <\/svg><\/span><\/a>\n                <\/div>\n                <div data-colibri-id=\"10-c10\" class=\"h-global-transition-all h-heading style-206 style-local-10-c10 position-relative h-element\">\n                  <!---->\n                  <div class=\"h-heading__outer style-206 style-local-10-c10\">\n                    <!---->\n                    <!---->\n                    <a href=\"https:\/\/brandl-unfallinstandsetzung.de\/?page_id=169\" h-use-smooth-scroll=\"true\">\n                      <h6 class=\"\">lACKIERUNG<\/h6>\n                    <\/a>\n                  <\/div>\n                <\/div>\n                <div data-colibri-id=\"10-c11\" class=\"h-text h-text-component style-207 style-local-10-c11 position-relative h-element\">\n                  <!---->\n                  <!---->\n                  <div class=\"\">\n                    <p><span style=\"color: rgb(100, 101, 103); font-family: Helvetica, Arial, sans-serif; font-size: 14px; font-weight: 400;\">Mit unserem Farbmischcomputer k\u00f6nnen wir alle Originalfarbt\u00f6ne mischen\u2026<\/span><\/p>\n                    <p>\n                      <br>\n                    <\/p>\n                    <p>\n                      <br>\n                    <\/p>\n                    <p>\n                      <br>\n                    <\/p>\n                    <p>\n                      <br>\n                    <\/p>\n                  <\/div>\n                <\/div>\n              <\/div>\n            <\/div>\n          <\/div>\n          <div class=\"h-column h-column-container d-flex h-col-lg-3 h-col-md-3 h-col-12 style-204-outer style-local-10-c12-outer\">\n            <div data-colibri-id=\"10-c12\" class=\"d-flex h-flex-basis h-column__inner h-px-lg-3 h-px-md-3 h-px-2 v-inner-lg-3 v-inner-md-3 v-inner-2 style-204 style-local-10-c12 position-relative\">\n              <!---->\n              <!---->\n              <div class=\"w-100 h-y-container h-column__content h-column__v-align flex-basis-100 align-self-lg-center align-self-md-center align-self-center\">\n                <!---->\n                <div data-colibri-id=\"10-c13\" class=\"h-icon style-205 style-local-10-c13 position-relative h-element\">\n                  <!---->\n                  <a href=\"https:\/\/brandl-unfallinstandsetzung.de\/?page_id=300\" h-use-smooth-scroll=\"true\"><span class=\"h-svg-icon h-icon__icon style-205-icon style-local-10-c13-icon\"><!--Icon by Font Awesome (https:\/\/fontawesome.com)-->\n    <svg version=\"1.1\" xmlns=\"http:\/\/www.w3.org\/2000\/svg\" xmlns:xlink=\"http:\/\/www.w3.org\/1999\/xlink\" id=\"wrench\" viewBox=\"0 0 1664 1896.0833\">\n      <path d=\"M384 1472q0-26-19-45t-45-19-45 19-19 45 19 45 45 19 45-19 19-45zm644-420l-682 682q-37 37-90 37-52 0-91-37L59 1626q-38-36-38-90 0-53 38-91l681-681q39 98 114.5 173.5T1028 1052zm634-435q0 39-23 106-47 134-164.5 217.5T1216 1024q-185 0-316.5-131.5T768 576t131.5-316.5T1216 128q58 0 121.5 16.5T1445 191q16 11 16 28t-16 28l-293 169v224l193 107q5-3 79-48.5t135.5-81T1630 582q15 0 23.5 10t8.5 25z\"><\/path>\n    <\/svg><\/span><\/a>\n                <\/div>\n                <div data-colibri-id=\"10-c14\" class=\"h-global-transition-all h-heading style-206 style-local-10-c14 position-relative h-element\">\n                  <!---->\n                  <div class=\"h-heading__outer style-206 style-local-10-c14\">\n                    <!---->\n                    <!---->\n                    <a href=\"https:\/\/brandl-unfallinstandsetzung.de\/?page_id=300\" h-use-smooth-scroll=\"true\">\n                      <h6 class=\"\">sERVICE<\/h6>\n                    <\/a>\n                  <\/div>\n                <\/div>\n                <div data-colibri-id=\"10-c15\" class=\"h-text h-text-component style-207 style-local-10-c15 position-relative h-element\">\n                  <!---->\n                  <!---->\n                  <div class=\"\">\n                    <p><span style=\"color: rgb(100, 101, 103); font-family: Helvetica, Arial, sans-serif; font-size: 14px; font-weight: 400;\">Umfangreiche Serviceleistung, mit denen wir Sie nicht nur zufrieden stellen sondern begeistern\u2026<\/span><\/p>\n                    <p>\n                      <br>\n                    <\/p>\n                    <p>\n                      <br>\n                    <\/p>\n                    <p>\n                      <br>\n                    <\/p>\n                    <p>\n                      <br>\n                    <\/p>\n                  <\/div>\n                <\/div>\n              <\/div>\n            <\/div>\n          <\/div>\n          <div class=\"h-column h-column-container d-flex h-col-lg-3 h-col-md-3 h-col-12 style-208-outer style-local-10-c16-outer\">\n            <div data-colibri-id=\"10-c16\" class=\"d-flex h-flex-basis h-column__inner h-px-lg-3 h-px-md-3 h-px-2 v-inner-lg-3 v-inner-md-3 v-inner-2 style-208 style-local-10-c16 position-relative\">\n              <!---->\n              <!---->\n              <div class=\"w-100 h-y-container h-column__content h-column__v-align flex-basis-100 align-self-lg-center align-self-md-center align-self-center\">\n                <!---->\n                <div data-colibri-id=\"10-c17\" class=\"h-icon style-205 style-local-10-c17 position-relative h-element\">\n                  <!---->\n                  <a href=\"https:\/\/brandl-unfallinstandsetzung.de\/?page_id=281\" h-use-smooth-scroll=\"true\"><span class=\"h-svg-icon h-icon__icon style-205-icon style-local-10-c17-icon\"><!--Icon by Font Awesome (https:\/\/fontawesome.com)-->\n    <svg version=\"1.1\" xmlns=\"http:\/\/www.w3.org\/2000\/svg\" xmlns:xlink=\"http:\/\/www.w3.org\/1999\/xlink\" id=\"map\" viewBox=\"0 0 1792 1896.0833\">\n      <path d=\"M512 0q13 0 22.5 9.5T544 32v1472q0 20-17 28L47 1788q-7 4-15 4-13 0-22.5-9.5T0 1760V288q0-20 17-28L497 4q7-4 15-4zm1248 0q13 0 22.5 9.5T1792 32v1472q0 20-17 28l-480 256q-7 4-15 4-13 0-22.5-9.5t-9.5-22.5V288q0-20 17-28L1745 4q7-4 15-4zM640 0q8 0 14 3l512 256q18 10 18 29v1472q0 13-9.5 22.5t-22.5 9.5q-8 0-14-3l-512-256q-18-10-18-29V32q0-13 9.5-22.5T640 0z\"><\/path>\n    <\/svg><\/span><\/a>\n                <\/div>\n                <div data-colibri-id=\"10-c18\" class=\"h-global-transition-all h-heading style-206 style-local-10-c18 position-relative h-element\">\n                  <!---->\n                  <div class=\"h-heading__outer style-206 style-local-10-c18\">\n                    <!---->\n                    <!---->\n                    <a href=\"https:\/\/brandl-unfallinstandsetzung.de\/?page_id=281\" h-use-smooth-scroll=\"true\">\n                      <h6 class=\"\">So erreichen Sie uns<\/h6>\n                    <\/a>\n                  <\/div>\n                <\/div>\n                <div data-colibri-id=\"10-c19\" class=\"h-text h-text-component style-207 style-local-10-c19 position-relative h-element\">\n                  <!---->\n                  <!---->\n                  <div class=\"\">\n                    <p><span style=\"color: rgb(100, 101, 103); font-family: Helvetica, Arial, sans-serif; font-size: 14px; font-weight: 400;\">BRANDL Unfallinstandsetzung GmbH<\/span>\n                      <br><span style=\"color: rgb(100, 101, 103); font-family: Helvetica, Arial, sans-serif; font-size: 14px; font-weight: 400;\">Siemensstra\u00dfe 29<\/span>\n                      <br><span style=\"color: rgb(100, 101, 103); font-family: Helvetica, Arial, sans-serif; font-size: 14px; font-weight: 400;\">96050 Bamberg<\/span>\n                      <br><span style=\"color: rgb(100, 101, 103); font-family: Helvetica, Arial, sans-serif; font-size: 14px; font-weight: 400;\">Telefon:&nbsp;<\/span>\n                      <a href=\"tel:09519177960\" style=\"color: rgb(0, 89, 255); font-family: Helvetica, Arial, sans-serif; font-size: 14px; font-weight: 400;\">0951 \/ 91 77 96-0<\/a>\n                      <br><span style=\"color: rgb(100, 101, 103); font-family: Helvetica, Arial, sans-serif; font-size: 14px; font-weight: 400;\">Fax: 0951 \/ 91 77 96-10<\/span><\/p>\n                    <p>\n                      <a href=\"mailto:info@brandl-unfallinstandsetzung.de\" style=\"color: rgb(0, 87, 255); font-family: Helvetica, Arial, sans-serif; font-size: 14px; font-weight: 400;\" target=\"_blank\">\n                        <u>Oder auch gerne per Mail<\/u>\n                      <\/a>\n                    <\/p>\n                    <p><span style=\"font-size: 81%; font-weight: 300;\">info@brandl-unfallinstansetzung.de<\/span><\/p>\n                  <\/div>\n                <\/div>\n              <\/div>\n            <\/div>\n          <\/div>\n        <\/div>\n      <\/div>\n    <\/div>\n  <\/div>\n  <div data-colibri-component=\"section\" data-colibri-id=\"10-c20\" id=\"custom\" class=\"h-section h-section-global-spacing d-flex align-items-lg-center align-items-md-center align-items-center style-209 style-local-10-c20 position-relative\">\n    <!---->\n    <!---->\n    <div class=\"h-section-grid-container h-section-boxed-container\">\n      <!---->\n      <div data-colibri-id=\"10-c21\" class=\"h-row-container gutters-row-lg-2 gutters-row-md-2 gutters-row-0 gutters-row-v-lg-2 gutters-row-v-md-2 gutters-row-v-2 style-210 style-local-10-c21 position-relative\">\n        <!---->\n        <div class=\"h-row justify-content-lg-center justify-content-md-center justify-content-center align-items-lg-stretch align-items-md-stretch align-items-stretch gutters-col-lg-2 gutters-col-md-2 gutters-col-0 gutters-col-v-lg-2 gutters-col-v-md-2 gutters-col-v-2\">\n          <!---->\n          <div class=\"h-column h-column-container d-flex h-col-lg-auto h-col-md-auto h-col-auto style-211-outer style-local-10-c22-outer\">\n            <div data-colibri-id=\"10-c22\" class=\"d-flex h-flex-basis h-column__inner h-px-lg-2 h-px-md-2 h-px-2 v-inner-lg-2 v-inner-md-2 v-inner-2 style-211 style-local-10-c22 position-relative\">\n              <!---->\n              <!---->\n              <div class=\"w-100 h-y-container h-column__content h-column__v-align flex-basis-100 align-self-lg-start align-self-md-start align-self-start\">\n                <!---->\n                <div data-colibri-id=\"10-c23\" class=\"h-text h-text-component style-255 style-local-10-c23 position-relative h-element\">\n                  <!---->\n                  <!---->\n                  <div class=\"\">\n                    <p>Als eines der \u00e4ltesten Bamberger Unternehmen ist die Brandl Unfallinstandsetzung Ihr kompetenter Partner f\u00fcr alle Fragen der Pkw-Instandsetzung. Im Januar 2016 hat Michael R\u00f6ckelein als langj\u00e4hriger Mitarbeiter und Kraftfahrzeugtechnikermeister\n                      den Familienbetrieb \u00fcbernommen. Damit ist auch weiterhin die Kontinuit\u00e4t und herausragende Qualit\u00e4t des bisherigen Familienbetriebes gew\u00e4hrleistet.<\/p>\n                    <p>\n                      <br>\n                    <\/p>\n                    <p>Mit insgesamt 23 Mitarbeitern, davon 3 Meister in den Bereichen Karosserie und Lack, steht Ihnen das Team um Michael R\u00f6ckelein auf einer Betriebsfl\u00e4che von 3.000 m\u00b2 und einer B\u00fcro- und Werkstattfl\u00e4che von 1.755 m\u00b2 f\u00fcr alle Fragen rund\n                      am das Thema Karosserie und Lack zur Seite.<\/p>\n                    <p>\n                      <br>\n                    <\/p>\n                    <p>Wir verf\u00fcgen \u00fcber langj\u00e4hriges Know-how und stehen Ihnen immer mit aktuellen Reparaturtechnologien, qualifizierten Mitarbeitern und umfangreichem Service zur Seite. Damit k\u00f6nnen wir Ihnen stets die wirtschaftlichste Reparaturmethode\n                      f\u00fcr Ihren Fahrzeugschaden anbieten.<\/p>\n                    <p>\n                      <br>\n                    <\/p>\n                  <\/div>\n                <\/div>\n              <\/div>\n            <\/div>\n          <\/div>\n          <div class=\"h-column h-column-container d-flex h-col-lg-auto h-col-md-auto h-col-auto style-212-outer style-local-10-c24-outer\">\n            <div data-colibri-id=\"10-c24\" class=\"d-flex h-flex-basis h-column__inner h-px-lg-2 h-px-md-2 h-px-2 v-inner-lg-2 v-inner-md-2 v-inner-2 style-212 style-local-10-c24 position-relative\">\n              <!---->\n              <!---->\n              <div class=\"w-100 h-y-container h-column__content h-column__v-align flex-basis-100 align-self-lg-start align-self-md-start align-self-start\">\n                <!---->\n                <div data-colibri-id=\"10-c25\" class=\"h-text h-text-component style-254 style-local-10-c25 position-relative h-element\">\n                  <!---->\n                  <!---->\n                  <div class=\"\">\n                    <h6>Unsere \u00d6ffnungszeiten\n                      <br>\n                      <br>Montag-Donnerstag:\n                      <br>von 7:00-18:00 Uhr\n                      <br>Freitag\n                      <br>von 7:00-16:30 Uhr\n                      <br>Samstag\n                      <br>von 9:00-12:00 Uhr\n                      <br>oder nach Vereinbarung\n                      <br>\n                    <\/h6>\n                    <p>\n                      <br>\n                    <\/p>\n                  <\/div>\n                <\/div>\n              <\/div>\n            <\/div>\n          <\/div>\n        <\/div>\n      <\/div>\n      <div data-colibri-id=\"10-c26\" class=\"h-row-container gutters-row-lg-2 gutters-row-md-2 gutters-row-0 gutters-row-v-lg-2 gutters-row-v-md-2 gutters-row-v-2 style-216 style-local-10-c26 position-relative\">\n        <!---->\n        <div class=\"h-row justify-content-lg-center justify-content-md-center justify-content-center align-items-lg-stretch align-items-md-stretch align-items-stretch gutters-col-lg-2 gutters-col-md-2 gutters-col-0 gutters-col-v-lg-2 gutters-col-v-md-2 gutters-col-v-2\">\n          <!---->\n          <div class=\"h-column h-column-container d-flex h-col-lg-auto h-col-md-auto h-col-auto style-217-outer style-local-10-c27-outer\">\n            <div data-colibri-id=\"10-c27\" class=\"d-flex h-flex-basis h-column__inner h-ui-empty-state-container h-px-lg-2 h-px-md-2 h-px-2 v-inner-lg-2 v-inner-md-2 v-inner-2 style-217 style-local-10-c27 position-relative\">\n              <!---->\n              <!---->\n              <div class=\"w-100 h-y-container h-column__content h-column__v-align flex-basis-100\">\n                <!---->\n              <\/div>\n            <\/div>\n          <\/div>\n        <\/div>\n      <\/div>\n      <div data-colibri-id=\"10-c28\" class=\"h-row-container gutters-row-lg-2 gutters-row-md-2 gutters-row-0 gutters-row-v-lg-2 gutters-row-v-md-2 gutters-row-v-2 style-214 style-local-10-c28 position-relative\">\n        <!---->\n        <div class=\"h-row justify-content-lg-center justify-content-md-center justify-content-center align-items-lg-stretch align-items-md-stretch align-items-stretch gutters-col-lg-2 gutters-col-md-2 gutters-col-0 gutters-col-v-lg-2 gutters-col-v-md-2 gutters-col-v-2\">\n          <!---->\n          <div class=\"h-column h-column-container d-flex h-col-lg-auto h-col-md-auto h-col-auto style-215-outer style-local-10-c29-outer\">\n            <div data-colibri-id=\"10-c29\" class=\"d-flex h-flex-basis h-column__inner h-ui-empty-state-container h-px-lg-2 h-px-md-2 h-px-2 v-inner-lg-2 v-inner-md-2 v-inner-2 style-215 style-local-10-c29 position-relative\">\n              <!---->\n              <!---->\n              <div class=\"w-100 h-y-container h-column__content h-column__v-align flex-basis-100\">\n                <!---->\n              <\/div>\n            <\/div>\n          <\/div>\n        <\/div>\n      <\/div>\n    <\/div>\n  <\/div>\n<\/div>","protected":false},"excerpt":{"rendered":"<p>UNFALLINSTANDSETZUNG Wir investieren nicht nur in neues Equipment sondern auch stetig in Know-how\u2026 lACKIERUNG Mit unserem Farbmischcomputer k\u00f6nnen wir alle Originalfarbt\u00f6ne mischen\u2026 sERVICE Umfangreiche Serviceleistung, mit denen wir Sie nicht nur zufrieden stellen sondern begeistern\u2026 So erreichen Sie uns BRANDL Unfallinstandsetzung GmbH Siemensstra\u00dfe 29 96050 Bamberg Telefon:&nbsp; 0951 \/ 91 77 96-0 Fax: 0951 \/ [&hellip;]<\/p>\n","protected":false},"author":1,"featured_media":0,"parent":0,"menu_order":0,"comment_status":"closed","ping_status":"closed","template":"page-templates\/homepage.php","meta":{"footnotes":""},"class_list":["post-10","page","type-page","status-publish","hentry"],"_links":{"self":[{"href":"https:\/\/brandl-unfallinstandsetzung.de\/index.php?rest_route=\/wp\/v2\/pages\/10","targetHints":{"allow":["GET"]}}],"collection":[{"href":"https:\/\/brandl-unfallinstandsetzung.de\/index.php?rest_route=\/wp\/v2\/pages"}],"about":[{"href":"https:\/\/brandl-unfallinstandsetzung.de\/index.php?rest_route=\/wp\/v2\/types\/page"}],"author":[{"embeddable":true,"href":"https:\/\/brandl-unfallinstandsetzung.de\/index.php?rest_route=\/wp\/v2\/users\/1"}],"replies":[{"embeddable":true,"href":"https:\/\/brandl-unfallinstandsetzung.de\/index.php?rest_route=%2Fwp%2Fv2%2Fcomments&post=10"}],"version-history":[{"count":20,"href":"https:\/\/brandl-unfallinstandsetzung.de\/index.php?rest_route=\/wp\/v2\/pages\/10\/revisions"}],"predecessor-version":[{"id":554,"href":"https:\/\/brandl-unfallinstandsetzung.de\/index.php?rest_route=\/wp\/v2\/pages\/10\/revisions\/554"}],"wp:attachment":[{"href":"https:\/\/brandl-unfallinstandsetzung.de\/index.php?rest_route=%2Fwp%2Fv2%2Fmedia&parent=10"}],"curies":[{"name":"wp","href":"https:\/\/api.w.org\/{rel}","templated":true}]}}