{"id":300,"date":"2025-11-19T19:43:30","date_gmt":"2025-11-19T19:43:30","guid":{"rendered":"https:\/\/brandl-unfallinstandsetzung.de\/?page_id=300"},"modified":"2025-11-19T22:01:39","modified_gmt":"2025-11-19T22:01:39","slug":"service","status":"publish","type":"page","link":"https:\/\/brandl-unfallinstandsetzung.de\/?page_id=300","title":{"rendered":"Service"},"content":{"rendered":"<div data-colibri-id=\"300-c1\" class=\"style-272 style-local-300-c1 position-relative\">\n  <!---->\n  <div data-colibri-component=\"section\" data-colibri-id=\"300-c2\" id=\"overlappable\" class=\"h-section h-section-global-spacing d-flex align-items-lg-center align-items-md-center align-items-center style-280 style-local-300-c2 position-relative\">\n    <!---->\n    <!---->\n    <div class=\"h-section-grid-container h-section-boxed-container\">\n      <!---->\n      <div data-colibri-id=\"300-c3\" class=\"h-row-container gutters-row-lg-2 gutters-row-md-2 gutters-row-0 gutters-row-v-lg-2 gutters-row-v-md-2 gutters-row-v-2 style-286 style-local-300-c3 position-relative\">\n        <!---->\n        <div class=\"h-row justify-content-lg-center justify-content-md-center justify-content-center align-items-lg-stretch align-items-md-stretch align-items-stretch gutters-col-lg-2 gutters-col-md-2 gutters-col-0 gutters-col-v-lg-2 gutters-col-v-md-2 gutters-col-v-2\">\n          <!---->\n          <div class=\"h-column h-column-container d-flex h-col-lg-auto h-col-md-auto h-col-auto style-287-outer style-local-300-c4-outer\">\n            <div data-colibri-id=\"300-c4\" class=\"d-flex h-flex-basis h-column__inner h-ui-empty-state-container h-px-lg-2 h-px-md-2 h-px-2 v-inner-lg-2 v-inner-md-2 v-inner-2 style-287 style-local-300-c4 position-relative\">\n              <!---->\n              <!---->\n              <div class=\"w-100 h-y-container h-column__content h-column__v-align flex-basis-100\">\n                <!---->\n              <\/div>\n            <\/div>\n          <\/div>\n        <\/div>\n      <\/div>\n      <div data-colibri-id=\"300-c5\" class=\"h-row-container gutters-row-lg-2 gutters-row-md-2 gutters-row-2 gutters-row-v-lg-2 gutters-row-v-md-2 gutters-row-v-2 style-281 style-local-300-c5 position-relative\">\n        <!---->\n        <div class=\"h-row justify-content-lg-center justify-content-md-center justify-content-center align-items-lg-stretch align-items-md-stretch align-items-stretch gutters-col-lg-2 gutters-col-md-2 gutters-col-2 gutters-col-v-lg-2 gutters-col-v-md-2 gutters-col-v-2\">\n          <!---->\n          <div class=\"h-column h-column-container d-flex h-col-lg-4 h-col-md-4 h-col-12 style-282-outer style-local-300-c6-outer\">\n            <div data-colibri-id=\"300-c6\" class=\"d-flex h-flex-basis h-column__inner h-px-lg-3 h-px-md-3 h-px-3 v-inner-lg-3 v-inner-md-3 v-inner-3 style-282 style-local-300-c6 position-relative\">\n              <!---->\n              <!---->\n              <div class=\"w-100 h-y-container h-column__content h-column__v-align flex-basis-100 align-self-lg-start align-self-md-start align-self-start\">\n                <!---->\n                <div data-colibri-id=\"300-c7\" class=\"h-icon style-283 style-local-300-c7 position-relative h-element\">\n                  <!----><span class=\"h-svg-icon h-icon__icon style-283-icon style-local-300-c7-icon\"><!--Icon by Font Awesome (https:\/\/fontawesome.com)-->\n    <svg version=\"1.1\" xmlns=\"http:\/\/www.w3.org\/2000\/svg\" xmlns:xlink=\"http:\/\/www.w3.org\/1999\/xlink\" id=\"wrench\" viewBox=\"0 0 1664 1896.0833\">\n      <path d=\"M384 1472q0-26-19-45t-45-19-45 19-19 45 19 45 45 19 45-19 19-45zm644-420l-682 682q-37 37-90 37-52 0-91-37L59 1626q-38-36-38-90 0-53 38-91l681-681q39 98 114.5 173.5T1028 1052zm634-435q0 39-23 106-47 134-164.5 217.5T1216 1024q-185 0-316.5-131.5T768 576t131.5-316.5T1216 128q58 0 121.5 16.5T1445 191q16 11 16 28t-16 28l-293 169v224l193 107q5-3 79-48.5t135.5-81T1630 582q15 0 23.5 10t8.5 25z\"><\/path>\n    <\/svg><\/span><\/div>\n                <div data-colibri-id=\"300-c8\" class=\"h-global-transition-all h-heading style-284 style-local-300-c8 position-relative h-element\">\n                  <!---->\n                  <div class=\"h-heading__outer style-284 style-local-300-c8\">\n                    <!---->\n                    <!---->\n                    <h4 class=\"\">Umfassender Service<\/h4>\n                  <\/div>\n                <\/div>\n                <div data-colibri-id=\"300-c9\" class=\"h-text h-text-component style-285 style-local-300-c9 position-relative h-element\">\n                  <!---->\n                  <!---->\n                  <div class=\"\">\n                    <ul>\n                      <li>Wartungsarbeiten<\/li>\n                      <li>Reifenwechsel mit Einlagerung<\/li>\n                      <li>Scheibentausch<\/li>\n                      <li>und vieles mehr<\/li>\n                    <\/ul>\n                    <p>\n                      <br>\n                    <\/p>\n                  <\/div>\n                <\/div>\n              <\/div>\n            <\/div>\n          <\/div>\n          <div class=\"h-column h-column-container d-flex h-col-lg-4 h-col-md-4 h-col-12 style-282-outer style-local-300-c10-outer\">\n            <div data-colibri-id=\"300-c10\" class=\"d-flex h-flex-basis h-column__inner h-px-lg-3 h-px-md-3 h-px-3 v-inner-lg-3 v-inner-md-3 v-inner-3 style-282 style-local-300-c10 position-relative\">\n              <!---->\n              <!---->\n              <div class=\"w-100 h-y-container h-column__content h-column__v-align flex-basis-100 align-self-lg-start align-self-md-start align-self-start\">\n                <!---->\n                <div data-colibri-id=\"300-c11\" class=\"h-icon style-283 style-local-300-c11 position-relative h-element\">\n                  <!----><span class=\"h-svg-icon h-icon__icon style-283-icon style-local-300-c11-icon\"><!--Icon by Font Awesome (https:\/\/fontawesome.com)-->\n    <svg version=\"1.1\" xmlns=\"http:\/\/www.w3.org\/2000\/svg\" xmlns:xlink=\"http:\/\/www.w3.org\/1999\/xlink\" id=\"car\" viewBox=\"0 0 2048 1896.0833\">\n      <path d=\"M480 1088q0-66-47-113t-113-47-113 47-47 113 47 113 113 47 113-47 47-113zm36-320h1016l-89-357q-2-8-14-17.5t-21-9.5H640q-9 0-21 9.5T605 411zm1372 320q0-66-47-113t-113-47-113 47-47 113 47 113 113 47 113-47 47-113zm160-96v384q0 14-9 23t-23 9h-96v128q0 80-56 136t-136 56-136-56-56-136v-128H512v128q0 80-56 136t-136 56-136-56-56-136v-128H32q-14 0-23-9t-9-23V992q0-93 65.5-158.5T224 768h28l105-419q23-94 104-157.5T640 128h768q98 0 179 63.5T1691 349l105 419h28q93 0 158.5 65.5T2048 992z\"><\/path>\n    <\/svg><\/span><\/div>\n                <div data-colibri-id=\"300-c12\" class=\"h-global-transition-all h-heading style-284 style-local-300-c12 position-relative h-element\">\n                  <!---->\n                  <div class=\"h-heading__outer style-284 style-local-300-c12\">\n                    <!---->\n                    <!---->\n                    <h4 class=\"\">Leihfahrzeugservice<\/h4>\n                  <\/div>\n                <\/div>\n                <div data-colibri-id=\"300-c13\" class=\"h-text h-text-component style-285 style-local-300-c13 position-relative h-element\">\n                  <!---->\n                  <!---->\n                  <div class=\"\">\n                    <p>W\u00e4hrend der Reparatur Ihres Fahrzeuges stellen wir Ihnen gerne ein Leihfahrzeug zur Verf\u00fcgung<\/p>\n                  <\/div>\n                <\/div>\n              <\/div>\n            <\/div>\n          <\/div>\n          <div class=\"h-column h-column-container d-flex h-col-lg-4 h-col-md-4 h-col-12 style-282-outer style-local-300-c14-outer\">\n            <div data-colibri-id=\"300-c14\" class=\"d-flex h-flex-basis h-column__inner h-px-lg-3 h-px-md-3 h-px-3 v-inner-lg-3 v-inner-md-3 v-inner-3 style-282 style-local-300-c14 position-relative\">\n              <!---->\n              <!---->\n              <div class=\"w-100 h-y-container h-column__content h-column__v-align flex-basis-100 align-self-lg-start align-self-md-start align-self-start\">\n                <!---->\n                <div data-colibri-id=\"300-c15\" class=\"h-icon style-283 style-local-300-c15 position-relative h-element\">\n                  <!----><span class=\"h-svg-icon h-icon__icon style-283-icon style-local-300-c15-icon\"><!--Icon by Icons8 Line Awesome (https:\/\/icons8.com\/line-awesome)--><svg version=\"1.1\" xmlns=\"http:\/\/www.w3.org\/2000\/svg\" xmlns:xlink=\"http:\/\/www.w3.org\/1999\/xlink\" id=\"diamond\" viewBox=\"0 0 512 545.5\"><path d=\"M152.5 128h207l5 6 80 96 8 9.5-8 10.5-176 224-12.5 16-12.5-16-176-224-8-10.5 8-9.5 80-96zm15 32L114 224h69l43-64h-58.5zm118.5 0l43 64h69l-53.5-64H286zm-30 13.5L222 224h68zM112.5 256L218 390.5 180 256h-67.5zm100.5 0l43 149 42.5-149H213zm119 0l-38 134 105.5-134H332z\"><\/path><\/svg><\/span><\/div>\n                <div\n                  data-colibri-id=\"300-c16\" class=\"h-global-transition-all h-heading style-284 style-local-300-c16 position-relative h-element\">\n                  <!---->\n                  <div class=\"h-heading__outer style-284 style-local-300-c16\">\n                    <!---->\n                    <!---->\n                    <h4 class=\"\">Lackpflege<\/h4>\n                  <\/div>\n              <\/div>\n              <div data-colibri-id=\"300-c17\" class=\"h-text h-text-component style-285 style-local-300-c17 position-relative h-element\">\n                <!---->\n                <!---->\n                <div class=\"\"><\/div>\n              <\/div>\n            <\/div>\n          <\/div>\n        <\/div>\n      <\/div>\n    <\/div>\n    <div data-colibri-id=\"300-c18\" class=\"h-row-container gutters-row-lg-2 gutters-row-md-2 gutters-row-0 gutters-row-v-lg-2 gutters-row-v-md-2 gutters-row-v-2 style-288 style-local-300-c18 position-relative\">\n      <!---->\n      <div class=\"h-row justify-content-lg-center justify-content-md-center justify-content-center align-items-lg-stretch align-items-md-stretch align-items-stretch gutters-col-lg-2 gutters-col-md-2 gutters-col-0 gutters-col-v-lg-2 gutters-col-v-md-2 gutters-col-v-2\">\n        <!---->\n        <div class=\"h-column h-column-container d-flex h-col-lg-auto h-col-md-auto h-col-auto style-289-outer style-local-300-c19-outer\">\n          <div data-colibri-id=\"300-c19\" class=\"d-flex h-flex-basis h-column__inner h-px-lg-2 h-px-md-2 h-px-2 v-inner-lg-2 v-inner-md-2 v-inner-2 style-289 style-local-300-c19 position-relative\">\n            <!---->\n            <!---->\n            <div class=\"w-100 h-y-container h-column__content h-column__v-align flex-basis-100 align-self-lg-start align-self-md-start align-self-start\">\n              <!---->\n              <div data-colibri-id=\"300-c20\" class=\"h-text h-text-component style-285 style-local-300-c20 position-relative h-element\">\n                <!---->\n                <!---->\n                <div class=\"\">\n                  <p><span style=\"font-weight: 400; font-size: 14px; font-family: Helvetica, Arial, sans-serif; color: rgb(100, 101, 103);\">Mit unseren umfangreichen Serviceleistungen wollen wir Sie nicht nur zufrieden stellen sondern begeistern! Nicht nur heute, sondern auch in Zukunft. Als EUROGARANT Fachbetrieb bieten wir Ihnen eine Gew\u00e4hrleistung von 3 Jahren auf die von uns ausgef\u00fchrten Arbeiten. Selbstverst\u00e4ndlich z\u00e4hlt zu unserem Service die Reinigung Ihres Fahrzeuges innen und au\u00dfen nach erfolgter Reparatur<\/span><\/p>\n                <\/div>\n              <\/div>\n            <\/div>\n          <\/div>\n        <\/div>\n      <\/div>\n    <\/div>\n  <\/div>\n<\/div>\n<\/div>","protected":false},"excerpt":{"rendered":"<p>Umfassender Service Wartungsarbeiten Reifenwechsel mit Einlagerung Scheibentausch und vieles mehr Leihfahrzeugservice W\u00e4hrend der Reparatur Ihres Fahrzeuges stellen wir Ihnen gerne ein Leihfahrzeug zur Verf\u00fcgung Lackpflege Mit unseren umfangreichen Serviceleistungen wollen wir Sie nicht nur zufrieden stellen sondern begeistern! Nicht nur heute, sondern auch in Zukunft. Als EUROGARANT Fachbetrieb bieten wir Ihnen eine Gew\u00e4hrleistung von 3 [&hellip;]<\/p>\n","protected":false},"author":2,"featured_media":0,"parent":0,"menu_order":0,"comment_status":"closed","ping_status":"closed","template":"page-templates\/full-width-page.php","meta":{"footnotes":""},"class_list":["post-300","page","type-page","status-publish","hentry"],"_links":{"self":[{"href":"https:\/\/brandl-unfallinstandsetzung.de\/index.php?rest_route=\/wp\/v2\/pages\/300","targetHints":{"allow":["GET"]}}],"collection":[{"href":"https:\/\/brandl-unfallinstandsetzung.de\/index.php?rest_route=\/wp\/v2\/pages"}],"about":[{"href":"https:\/\/brandl-unfallinstandsetzung.de\/index.php?rest_route=\/wp\/v2\/types\/page"}],"author":[{"embeddable":true,"href":"https:\/\/brandl-unfallinstandsetzung.de\/index.php?rest_route=\/wp\/v2\/users\/2"}],"replies":[{"embeddable":true,"href":"https:\/\/brandl-unfallinstandsetzung.de\/index.php?rest_route=%2Fwp%2Fv2%2Fcomments&post=300"}],"version-history":[{"count":4,"href":"https:\/\/brandl-unfallinstandsetzung.de\/index.php?rest_route=\/wp\/v2\/pages\/300\/revisions"}],"predecessor-version":[{"id":406,"href":"https:\/\/brandl-unfallinstandsetzung.de\/index.php?rest_route=\/wp\/v2\/pages\/300\/revisions\/406"}],"wp:attachment":[{"href":"https:\/\/brandl-unfallinstandsetzung.de\/index.php?rest_route=%2Fwp%2Fv2%2Fmedia&parent=300"}],"curies":[{"name":"wp","href":"https:\/\/api.w.org\/{rel}","templated":true}]}}